{"id":1044,"date":"2025-07-16T17:24:32","date_gmt":"2025-07-16T17:24:32","guid":{"rendered":"https:\/\/404tecnostore.com.ar\/?post_type=product&#038;p=1044"},"modified":"2025-07-18T19:03:52","modified_gmt":"2025-07-18T19:03:52","slug":"cargador-magnetico-usb-c","status":"publish","type":"product","link":"https:\/\/404tecnostore.com.ar\/?product=cargador-magnetico-usb-c","title":{"rendered":"Cargador Magnetico USB-C"},"content":{"rendered":"<h2>Caracter\u00edsticas Generales:<\/h2>\n<ul>\n<li><b>Conexi\u00f3n Magn\u00e9tica:<\/b> La principal ventaja es que el cable se \u00abauto-engancha\u00bb al puerto del dispositivo mediante imanes. Esto hace que conectar el cargador sea r\u00e1pido y sencillo, incluso en la oscuridad o sin mirar.<\/li>\n<li><b>Prevenci\u00f3n de Da\u00f1os:<\/b> Al ser una conexi\u00f3n magn\u00e9tica, si alguien tropieza con el cable, este se desprende f\u00e1cilmente sin arrastrar el dispositivo al suelo ni da\u00f1ar el puerto de carga. Esto es una gran ventaja para la vida \u00fatil del puerto USB-C de tu dispositivo.<\/li>\n<li><b>Versatilidad USB-C:<\/b> Al tener un conector USB-C en el extremo que va al adaptador, es compatible con los est\u00e1ndares de carga modernos, incluyendo la <b>carga r\u00e1pida (Power Delivery &#8211; PD)<\/b>, siempre que tanto el cargador como el dispositivo y el cable lo soporten.<\/li>\n<li><b>Durabilidad:<\/b> Al reducir la fricci\u00f3n de insertar y quitar repetidamente el cable, se minimiza el desgaste del puerto de carga del dispositivo.<\/li>\n<\/ul>\n","protected":false},"excerpt":{"rendered":"<p><b>Cargador Magn\u00e9tico:<\/b> Permite conectar y desconectar el cable de tu dispositivo de forma r\u00e1pida y sencilla mediante imanes. Esto minimiza el desgaste del puerto USB-C de tu dispositivo y evita da\u00f1os si alguien se tropieza con el cable, ya que se desconectar\u00e1 sin tirar el dispositivo.<\/p>\n","protected":false},"featured_media":922,"comment_status":"open","ping_status":"closed","template":"","meta":{"_eb_attr":""},"product_brand":[18],"product_cat":[54],"product_tag":[],"class_list":{"0":"post-1044","1":"product","2":"type-product","3":"status-publish","4":"has-post-thumbnail","6":"product_brand-apple","7":"product_cat-accesoriosall","9":"first","10":"instock","11":"taxable","12":"shipping-taxable","13":"purchasable","14":"product-type-simple"},"jetpack_sharing_enabled":true,"_links":{"self":[{"href":"https:\/\/404tecnostore.com.ar\/index.php?rest_route=\/wp\/v2\/product\/1044","targetHints":{"allow":["GET"]}}],"collection":[{"href":"https:\/\/404tecnostore.com.ar\/index.php?rest_route=\/wp\/v2\/product"}],"about":[{"href":"https:\/\/404tecnostore.com.ar\/index.php?rest_route=\/wp\/v2\/types\/product"}],"replies":[{"embeddable":true,"href":"https:\/\/404tecnostore.com.ar\/index.php?rest_route=%2Fwp%2Fv2%2Fcomments&post=1044"}],"wp:featuredmedia":[{"embeddable":true,"href":"https:\/\/404tecnostore.com.ar\/index.php?rest_route=\/wp\/v2\/media\/922"}],"wp:attachment":[{"href":"https:\/\/404tecnostore.com.ar\/index.php?rest_route=%2Fwp%2Fv2%2Fmedia&parent=1044"}],"wp:term":[{"taxonomy":"product_brand","embeddable":true,"href":"https:\/\/404tecnostore.com.ar\/index.php?rest_route=%2Fwp%2Fv2%2Fproduct_brand&post=1044"},{"taxonomy":"product_cat","embeddable":true,"href":"https:\/\/404tecnostore.com.ar\/index.php?rest_route=%2Fwp%2Fv2%2Fproduct_cat&post=1044"},{"taxonomy":"product_tag","embeddable":true,"href":"https:\/\/404tecnostore.com.ar\/index.php?rest_route=%2Fwp%2Fv2%2Fproduct_tag&post=1044"}],"curies":[{"name":"wp","href":"https:\/\/api.w.org\/{rel}","templated":true}]}}