{"id":1099,"date":"2025-07-17T16:42:26","date_gmt":"2025-07-17T16:42:26","guid":{"rendered":"https:\/\/404tecnostore.com.ar\/?post_type=product&#038;p=1099"},"modified":"2025-07-17T16:43:55","modified_gmt":"2025-07-17T16:43:55","slug":"1099","status":"publish","type":"product","link":"https:\/\/404tecnostore.com.ar\/?product=1099","title":{"rendered":"JBL Boombox 3"},"content":{"rendered":"<h2>Caracteristicas Generales:<\/h2>\n<ul>\n<li><b>Sonido JBL Original Pro masivo con los bajos m\u00e1s profundos:<\/b> Este es su principal atractivo. Cuenta con un nuevo sistema de altavoces de 3 v\u00edas (subwoofer, dos drivers de rango medio y dos tweeters) que busca ofrecer un audio rico y claro con un \u00e9nfasis significativo en los bajos. En modo CA (corriente alterna), puede alcanzar hasta 180W RMS, y con bater\u00eda, alrededor de 136W RMS.<\/li>\n<li><b>24 horas de reproducci\u00f3n:<\/b> Su gran bater\u00eda incorporada proporciona una escucha prolongada, haci\u00e9ndola adecuada para usar durante todo el d\u00eda.<\/li>\n<li><b>IP67 a prueba de polvo y agua:<\/b> Esta clasificaci\u00f3n significa que es altamente duradera y puede soportar la exposici\u00f3n al polvo e incluso la inmersi\u00f3n en agua (hasta 1 metro durante 30 minutos), lo que la hace perfecta para viajes a la playa, fiestas en la piscina o campamentos.<\/li>\n<li><b>Dise\u00f1o fuerte y audaz:<\/b> Presenta una silueta ic\u00f3nica y actualizada de JBL con un asa de metal resistente y agarres de silicona, tapas laterales dobles y la tela distintiva de la marca.<\/li>\n<li><b>Transmisi\u00f3n inal\u00e1mbrica por Bluetooth (Bluetooth 5.3):<\/b> Te permite conectar hasta dos tel\u00e9fonos inteligentes o tabletas simult\u00e1neamente para compartir listas de reproducci\u00f3n.<\/li>\n<li><b>JBL PartyBoost:<\/b> Esta funci\u00f3n te permite emparejar la Boombox 3 con otras bocinas JBL compatibles con PartyBoost para una experiencia de sonido est\u00e9reo o para vincular varias bocinas y crear un escenario sonoro m\u00e1s grande e inmersivo.<\/li>\n<li><b>Aplicaci\u00f3n JBL Portable:<\/b> La aplicaci\u00f3n complementaria te permite personalizar la configuraci\u00f3n, desbloquear funciones y obtener actualizaciones en tiempo real. Tambi\u00e9n incluye un ecualizador b\u00e1sico de 3 bandas (graves, medios, agudos) para personalizar el sonido.<\/li>\n<li><b>Banco de energ\u00eda incorporado:<\/b> Puedes usar la bocina para cargar otros dispositivos (como tu tel\u00e9fono) a trav\u00e9s de su puerto USB-A.<\/li>\n<li><b>Embalaje ecol\u00f3gico:<\/b> JBL se ha comprometido con un embalaje m\u00e1s sostenible; la Boombox 3 viene en una caja de papel reciclable con impresi\u00f3n de tinta de soja.<\/li>\n<li><b>Conectividad (Wi-Fi y Bluetooth &#8211; para el modelo Wi-Fi):<\/b> Hay dos versiones principales: un modelo est\u00e1ndar solo con Bluetooth y un modelo con \u00abWi-Fi y Bluetooth\u00bb. El modelo Wi-Fi ofrece transmisi\u00f3n de audio de alta definici\u00f3n, incluido Dolby Atmos 3D, a trav\u00e9s de Wi-Fi (AirPlay, Alexa Multi-Room Music, Chromecast integrado y Spotify Connect). Esto permite una mayor fidelidad de audio y una reproducci\u00f3n ininterrumpida incluso si recibes una llamada en tu tel\u00e9fono.<\/li>\n<\/ul>\n","protected":false},"excerpt":{"rendered":"<p>El JBL Boombox 3 es ideal para reuniones al aire libre, fiestas o simplemente para disfrutar de la m\u00fasica en casa. Es la \u00faltima versi\u00f3n de la popular serie Boombox de JBL, conocida por su construcci\u00f3n robusta y su potente rendimiento de audio.<\/p>\n","protected":false},"featured_media":1070,"comment_status":"open","ping_status":"closed","template":"","meta":{"_eb_attr":""},"product_brand":[60],"product_cat":[44],"product_tag":[],"class_list":{"0":"post-1099","1":"product","2":"type-product","3":"status-publish","4":"has-post-thumbnail","6":"product_brand-jbl","7":"product_cat-speakers","9":"first","10":"instock","11":"taxable","12":"shipping-taxable","13":"product-type-simple"},"jetpack_sharing_enabled":true,"_links":{"self":[{"href":"https:\/\/404tecnostore.com.ar\/index.php?rest_route=\/wp\/v2\/product\/1099","targetHints":{"allow":["GET"]}}],"collection":[{"href":"https:\/\/404tecnostore.com.ar\/index.php?rest_route=\/wp\/v2\/product"}],"about":[{"href":"https:\/\/404tecnostore.com.ar\/index.php?rest_route=\/wp\/v2\/types\/product"}],"replies":[{"embeddable":true,"href":"https:\/\/404tecnostore.com.ar\/index.php?rest_route=%2Fwp%2Fv2%2Fcomments&post=1099"}],"wp:featuredmedia":[{"embeddable":true,"href":"https:\/\/404tecnostore.com.ar\/index.php?rest_route=\/wp\/v2\/media\/1070"}],"wp:attachment":[{"href":"https:\/\/404tecnostore.com.ar\/index.php?rest_route=%2Fwp%2Fv2%2Fmedia&parent=1099"}],"wp:term":[{"taxonomy":"product_brand","embeddable":true,"href":"https:\/\/404tecnostore.com.ar\/index.php?rest_route=%2Fwp%2Fv2%2Fproduct_brand&post=1099"},{"taxonomy":"product_cat","embeddable":true,"href":"https:\/\/404tecnostore.com.ar\/index.php?rest_route=%2Fwp%2Fv2%2Fproduct_cat&post=1099"},{"taxonomy":"product_tag","embeddable":true,"href":"https:\/\/404tecnostore.com.ar\/index.php?rest_route=%2Fwp%2Fv2%2Fproduct_tag&post=1099"}],"curies":[{"name":"wp","href":"https:\/\/api.w.org\/{rel}","templated":true}]}}