{"id":1134,"date":"2025-07-18T17:41:35","date_gmt":"2025-07-18T17:41:35","guid":{"rendered":"https:\/\/404tecnostore.com.ar\/?post_type=product&#038;p=1134"},"modified":"2025-10-25T19:49:49","modified_gmt":"2025-10-25T19:49:49","slug":"jbl-go-essential-portable","status":"publish","type":"product","link":"https:\/\/404tecnostore.com.ar\/?product=jbl-go-essential-portable","title":{"rendered":"JBL Go Essential Portable"},"content":{"rendered":"<h2>Caracter\u00edsticas Generales:<\/h2>\n<ul>\n<li><b>Sonido JBL Pro original:<\/b> Ofrece un audio sorprendentemente potente y graves notables para su tama\u00f1o.<\/li>\n<li><b>Dise\u00f1o ultracompacto:<\/b> Sus dimensiones son 8.6 cm (ancho) x 7.1 cm (alto) x 3.2 cm (profundidad) y pesa solo 0.177 kg, lo que lo hace muy f\u00e1cil de transportar.<\/li>\n<li><b>Resistencia al agua IPX7:<\/b> Esto significa que puede ser sumergido en agua hasta 1 metro de profundidad por 30 minutos, lo que lo hace perfecto para usar en la piscina, la playa o bajo la lluvia.<\/li>\n<li><b>Reproducci\u00f3n inal\u00e1mbrica Bluetooth:<\/b> Se conecta f\u00e1cilmente a tu m\u00f3vil, tableta, port\u00e1til o cualquier dispositivo con Bluetooth (versi\u00f3n 4.2).<\/li>\n<li><b>Hasta 5 horas de bater\u00eda:<\/b> Ofrece una buena autonom\u00eda para su tama\u00f1o. El tiempo de carga completa es de aproximadamente 2.5 horas.<\/li>\n<li><b>Manos libres:<\/b> Cuenta con un micr\u00f3fono integrado, lo que te permite usarlo para llamadas.<\/li>\n<li><b>Conector de carga:<\/b> Utiliza un puerto micro USB para la carga.<\/li>\n<\/ul>\n","protected":false},"excerpt":{"rendered":"<p>El JBL Go Essential es un altavoz Bluetooth port\u00e1til y ultracompacto, ideal para llevar tu m\u00fasica a cualquier lugar.<\/p>\n","protected":false},"featured_media":1136,"comment_status":"open","ping_status":"closed","template":"","meta":{"_eb_attr":""},"product_brand":[60],"product_cat":[44],"product_tag":[],"class_list":{"0":"post-1134","1":"product","2":"type-product","3":"status-publish","4":"has-post-thumbnail","6":"product_brand-jbl","7":"product_cat-speakers","9":"first","10":"instock","11":"taxable","12":"shipping-taxable","13":"purchasable","14":"product-type-simple"},"jetpack_sharing_enabled":true,"_links":{"self":[{"href":"https:\/\/404tecnostore.com.ar\/index.php?rest_route=\/wp\/v2\/product\/1134","targetHints":{"allow":["GET"]}}],"collection":[{"href":"https:\/\/404tecnostore.com.ar\/index.php?rest_route=\/wp\/v2\/product"}],"about":[{"href":"https:\/\/404tecnostore.com.ar\/index.php?rest_route=\/wp\/v2\/types\/product"}],"replies":[{"embeddable":true,"href":"https:\/\/404tecnostore.com.ar\/index.php?rest_route=%2Fwp%2Fv2%2Fcomments&post=1134"}],"wp:featuredmedia":[{"embeddable":true,"href":"https:\/\/404tecnostore.com.ar\/index.php?rest_route=\/wp\/v2\/media\/1136"}],"wp:attachment":[{"href":"https:\/\/404tecnostore.com.ar\/index.php?rest_route=%2Fwp%2Fv2%2Fmedia&parent=1134"}],"wp:term":[{"taxonomy":"product_brand","embeddable":true,"href":"https:\/\/404tecnostore.com.ar\/index.php?rest_route=%2Fwp%2Fv2%2Fproduct_brand&post=1134"},{"taxonomy":"product_cat","embeddable":true,"href":"https:\/\/404tecnostore.com.ar\/index.php?rest_route=%2Fwp%2Fv2%2Fproduct_cat&post=1134"},{"taxonomy":"product_tag","embeddable":true,"href":"https:\/\/404tecnostore.com.ar\/index.php?rest_route=%2Fwp%2Fv2%2Fproduct_tag&post=1134"}],"curies":[{"name":"wp","href":"https:\/\/api.w.org\/{rel}","templated":true}]}}