{"id":669,"date":"2022-05-06T17:39:29","date_gmt":"2022-05-06T17:39:29","guid":{"rendered":"https:\/\/startersites.io\/blocksy\/gadgets\/?post_type=product&#038;p=669"},"modified":"2025-08-29T01:23:43","modified_gmt":"2025-08-29T01:23:43","slug":"airpods-pro","status":"publish","type":"product","link":"https:\/\/404tecnostore.com.ar\/?product=airpods-pro","title":{"rendered":"AirPods Pro"},"content":{"rendered":"<h2>Caracter\u00edsticas Generales:<\/h2>\n<p><!--more--><\/p>\n<ul>\n<li><b>Cancelaci\u00f3n Activa de Ruido (ANC) Avanzada:<\/b> Esta es una de las funciones estrella. Los AirPods Pro utilizan micr\u00f3fonos para detectar el ruido externo y lo cancelan con una se\u00f1al antirruido, permiti\u00e9ndote sumergirte completamente en tu m\u00fasica, podcasts o llamadas. La segunda generaci\u00f3n ofrece <b>hasta el doble de cancelaci\u00f3n de ruido<\/b> que la primera.<\/li>\n<li><b>Modo Ambiente Adaptativo:<\/b> Esta funci\u00f3n es lo opuesto a la ANC. Permite que el sonido del entorno llegue a tus o\u00eddos para que puedas estar al tanto de lo que sucede a tu alrededor (por ejemplo, escuchar anuncios en una estaci\u00f3n o el tr\u00e1fico), pero con una mejora clave en la segunda generaci\u00f3n: <b>reduce y ajusta la intensidad de ruidos fuertes<\/b> (como sirenas o herramientas el\u00e9ctricas) hasta 48.000 veces por segundo, protegiendo tu audici\u00f3n sin aislarte por completo.<\/li>\n<li><b>Audio Espacial Personalizado con Seguimiento Din\u00e1mico de la Cabeza:<\/b> Esta tecnolog\u00eda crea una experiencia de sonido tridimensional que te envuelve. Los sonidos parecen venir de todas las direcciones, y si mueves la cabeza, el sonido permanece \u00abfijo\u00bb en su posici\u00f3n original, lo que es ideal para pel\u00edculas y series. Puedes personalizarlo usando la c\u00e1mara TrueDepth de tu iPhone.<\/li>\n<li><b>Chip H2 de Apple:<\/b> Este potente chip es el cerebro de los AirPods Pro 2. Permite todas las funciones avanzadas, desde la cancelaci\u00f3n de ruido y el modo ambiente adaptativo, hasta la mejora de la calidad de sonido y la eficiencia energ\u00e9tica.<\/li>\n<li><b>Control T\u00e1ctil en el V\u00e1stago:<\/b> El v\u00e1stago de los auriculares ahora es sensible al tacto. Puedes deslizar el dedo hacia arriba o hacia abajo para ajustar el volumen, presionar una vez para reproducir\/pausar o contestar llamadas, presionar dos veces para avanzar y tres veces para retroceder.<\/li>\n<li><b>Calidad de Sonido Superior:<\/b> Cuentan con un controlador de alta excursi\u00f3n dise\u00f1ado por Apple y un amplificador exclusivo de alto rango din\u00e1mico, que ofrecen agudos n\u00edtidos, graves profundos y una claridad impresionante. La <b>Ecualizaci\u00f3n Adaptativa<\/b> ajusta la m\u00fasica en tiempo real seg\u00fan la forma de tu o\u00eddo.<\/li>\n<li><b>Bater\u00eda de Larga Duraci\u00f3n:<\/b> Con una sola carga, los AirPods Pro 2 ofrecen hasta <b>6 horas de audio<\/b> (hasta 5.5 horas con Audio Espacial activado). Con el estuche de carga MagSafe, la autonom\u00eda total se extiende a <b>hasta 30 horas de audio<\/b>.<\/li>\n<li><b>Estuche de Carga MagSafe (USB-C):<\/b> El estuche es compatible con carga inal\u00e1mbrica MagSafe, cargadores con certificaci\u00f3n Qi y, en los modelos m\u00e1s recientes, cuenta con un puerto <b>USB-C<\/b> para carga por cable (reemplazando el puerto Lightning anterior en la versi\u00f3n de septiembre de 2023). El estuche tambi\u00e9n incluye:\n<ul>\n<li><b>Chip U1:<\/b> Permite la funci\u00f3n <b>Rastreo Preciso<\/b> en la app Buscar de Apple, lo que te ayuda a localizar el estuche con exactitud.<\/li>\n<li><b>Altavoz Integrado:<\/b> Emite un sonido para ayudarte a encontrar el estuche si lo pierdes, y tambi\u00e9n emite tonos de alerta (por ejemplo, cuando la bater\u00eda est\u00e1 baja o al emparejarse).<\/li>\n<li><b>Enganche para Correa:<\/b> Un peque\u00f1o lazo lateral para sujetar una correa y llevarlo de forma segura.<\/li>\n<\/ul>\n<\/li>\n<li><b>Resistencia al Sudor y al Agua (IP54):<\/b> Tanto los AirPods Pro como el estuche de carga son resistentes al sudor y al agua, lo que los hace ideales para entrenamientos y uso en exteriores, bajo la lluvia.<\/li>\n<li><b>Ajuste Personalizado:<\/b> Vienen con cuatro tama\u00f1os de almohadillas de silic\u00f3n (XS, S, M, L) para un ajuste c\u00f3modo y un sellado ac\u00fastico \u00f3ptimo. La <b>prueba de ajuste de almohadillas<\/b> en iOS te ayuda a elegir el tama\u00f1o correcto.<\/li>\n<li><b>Funciones Adicionales:<\/b>\n<ul>\n<li><b>Detecci\u00f3n de Conversaci\u00f3n:<\/b> Reduce el volumen del contenido multimedia y mejora las voces cuando empiezas a hablar.<\/li>\n<li><b>Volumen Personalizado:<\/b> Ajusta autom\u00e1ticamente el volumen seg\u00fan el entorno y tus preferencias de escucha a lo largo del tiempo.<\/li>\n<li><b>Reducci\u00f3n de Ruidos Altos:<\/b> Disminuye el sonido de estruendos repentinos para proteger tu audici\u00f3n.<\/li>\n<li><b>Aislamiento de Voz:<\/b> Mejora la claridad de tu voz en las llamadas.<\/li>\n<li><b>Integraci\u00f3n con Apple:<\/b> Cambio autom\u00e1tico entre dispositivos Apple (iPhone, iPad, Mac, Apple Watch), soporte \u00abOye Siri\u00bb, y compartir audio con otros AirPods.<\/li>\n<\/ul>\n<\/li>\n<\/ul>\n","protected":false},"excerpt":{"rendered":"<p><b>AirPods Pro<\/b>: Auriculares inal\u00e1mbricos de Apple con <b>Cancelaci\u00f3n Activa de Ruido<\/b> y <b>modo Transparencia<\/b>. Ofrecen un sonido superior, ajuste c\u00f3modo con puntas de silicona, y se conectan sin esfuerzo a tus dispositivos. Ideales para m\u00fasica, llamadas y uso diario.<\/p>\n","protected":false},"featured_media":906,"comment_status":"open","ping_status":"closed","template":"","meta":{"_eb_attr":""},"product_brand":[18],"product_cat":[48],"product_tag":[],"class_list":{"0":"post-669","1":"product","2":"type-product","3":"status-publish","4":"has-post-thumbnail","6":"product_brand-apple","7":"product_cat-auris","9":"first","10":"instock","11":"taxable","12":"shipping-taxable","13":"purchasable","14":"product-type-simple"},"jetpack_sharing_enabled":true,"_links":{"self":[{"href":"https:\/\/404tecnostore.com.ar\/index.php?rest_route=\/wp\/v2\/product\/669","targetHints":{"allow":["GET"]}}],"collection":[{"href":"https:\/\/404tecnostore.com.ar\/index.php?rest_route=\/wp\/v2\/product"}],"about":[{"href":"https:\/\/404tecnostore.com.ar\/index.php?rest_route=\/wp\/v2\/types\/product"}],"replies":[{"embeddable":true,"href":"https:\/\/404tecnostore.com.ar\/index.php?rest_route=%2Fwp%2Fv2%2Fcomments&post=669"}],"wp:featuredmedia":[{"embeddable":true,"href":"https:\/\/404tecnostore.com.ar\/index.php?rest_route=\/wp\/v2\/media\/906"}],"wp:attachment":[{"href":"https:\/\/404tecnostore.com.ar\/index.php?rest_route=%2Fwp%2Fv2%2Fmedia&parent=669"}],"wp:term":[{"taxonomy":"product_brand","embeddable":true,"href":"https:\/\/404tecnostore.com.ar\/index.php?rest_route=%2Fwp%2Fv2%2Fproduct_brand&post=669"},{"taxonomy":"product_cat","embeddable":true,"href":"https:\/\/404tecnostore.com.ar\/index.php?rest_route=%2Fwp%2Fv2%2Fproduct_cat&post=669"},{"taxonomy":"product_tag","embeddable":true,"href":"https:\/\/404tecnostore.com.ar\/index.php?rest_route=%2Fwp%2Fv2%2Fproduct_tag&post=669"}],"curies":[{"name":"wp","href":"https:\/\/api.w.org\/{rel}","templated":true}]}}